{"id":13736,"date":"2024-10-07T14:46:43","date_gmt":"2024-10-07T14:46:43","guid":{"rendered":"https:\/\/www.pfp.lu\/feuerhemmende-loesungen\/"},"modified":"2025-04-30T14:59:48","modified_gmt":"2025-04-30T14:59:48","slug":"feuerhemmende-loesungen","status":"publish","type":"page","link":"https:\/\/www.pfp.lu\/de\/unsere-expertisen-beratung\/feuerhemmende-loesungen\/","title":{"rendered":"Feuerhemmende L\u00f6sungen"},"content":{"rendered":"\t\t<div data-elementor-type=\"wp-page\" data-elementor-id=\"13736\" class=\"elementor elementor-13736 elementor-10602\" data-elementor-post-type=\"page\">\n\t\t\t\t\t\t<section data-particle_enable=\"false\" data-particle-mobile-disabled=\"false\" data-exad-particle-enable=\"false\" class=\"elementor-section elementor-top-section elementor-element elementor-element-272384e elementor-section-boxed elementor-section-height-default elementor-section-height-default exad-parallax-effect-no exad-background-color-change-no exad-glass-effect-no exad-sticky-section-no\" data-id=\"272384e\" data-element_type=\"section\" data-e-type=\"section\">\n\t\t\t\t\t\t<div class=\"elementor-container elementor-column-gap-default\">\n\t\t\t\t\t<div class=\"elementor-column elementor-col-33 elementor-top-column elementor-element elementor-element-df885bf exad-glass-effect-no exad-sticky-section-no\" data-id=\"df885bf\" data-element_type=\"column\" data-e-type=\"column\">\n\t\t\t<div class=\"elementor-widget-wrap elementor-element-populated\">\n\t\t\t\t\t\t<div class=\"elementor-element elementor-element-6770473 exad-sticky-section-no exad-glass-effect-no elementor-widget elementor-widget-ld_content_box\" data-id=\"6770473\" data-element_type=\"widget\" data-e-type=\"widget\" data-widget_type=\"ld_content_box.default\">\n\t\t\t\t<div class=\"elementor-widget-container\">\n\t\t\t\t\t\n\t\t<div class=\"lqd-fb pos-rel lqd-fb-style-4 lqd-fb-zoom-img-onhover\">\n\t\t\t\t\t<div class=\"lqd-fb-inner\">\n\n\t\t\t\t<div class=\"overflow-hidden lqd-fb-img pos-rel\">\n\n\t\t\t\t\t<figure class=\"w-100\">\n\t\t\t\t\t\t<img decoding=\"async\" class=\"w-100\" src=\"https:\/\/www.pfp.lu\/wp-content\/uploads\/2024\/10\/coupe-feu-aluminium-pfp.jpg\">\t\t\t\t\t<\/figure>\n\n\t\t\t\t\t\t\t\t\t\t\t<a href=\"https:\/\/www.pfp.lu\/de\/nos-expertises-consultances\/solutions-coupe-feu\/porte-coupe-feu\/\" class=\"lqd-overlay\"><\/a>\n\t\t\t\t\t\n\t\t\t\t<\/div>\n\n\t\t\t\t<div class=\"lqd-fb-content pos-rel\">\n\t\t\t\t\t<div class=\"lqd-fb-bg lqd-overlay\"><\/div>\n\t\t\t\t\t<div class=\"lqd-fb-hover-overlay lqd-overlay\"><\/div>\n\t\t\t\t\t<div class=\"p-5 text-center lqd-fb-content-inner pos-rel\">\n\n\t\t\t\t\t\t<h2 class=\"lqd-fb__title mt-0 mb-3 font-weight-normal \">Feuerhemmende T\u00fcr<\/h2>\n\t\t\t\t\t\t\t\t\t\t\t\t<p class=\"mt-0 mb-0\"> Sch\u00fctzen Sie Ihre Geb\u00e4ude effektiv vor der Ausbreitung von Feuer und Rauch mit widerstandsf\u00e4higen T\u00fcren, die den Sicherheitsstandards entsprechen.<\/p>\n\t\t\t\t\t\t\n\t\t\t\t\t<\/div>\n\n\n\t\t\t\t\t\t\t\t\t\t<div class=\"p-3 text-center lqd-fb-footer\">\n\t\t\t\t\t\n\t\t\t<a\n\t\t\t\thref=\"https:\/\/www.pfp.lu\/de\/nos-expertises-consultances\/solutions-coupe-feu\/porte-coupe-feu\/\"class=\"elementor-button btn btn-naked btn-hover-txt-liquid-y-alt btn-icon-right btn-has-label\"\t\t\t>\n\t\t\t\t\t\t\t\t\t<span data-text=\"Mehr erfahren \" class=\"btn-txt\" data-transition-delay=\"true\" data-delay-options=\"{&quot;elements&quot;: &quot;.lqd-chars&quot;, &quot;delayType&quot;: &quot;animation&quot;, &quot;startDelay&quot;: 0, &quot;delayBetween&quot;: 32.5}\" data-split-text=\"true\" data-split-options=\"{&quot;type&quot;: &quot;chars, words&quot;}\">\n\t\t\t\t\t\tMehr erfahren \t\t\t\t\t<\/span>\n\t\t\t\t\t\t\t\t\t\t\t\t\t\t<span class=\"btn-icon\">\n\t\t\t\t\t\t\t<i aria-hidden=\"true\" class=\"lqd-icn-ess icon-md-arrow-forward\"><\/i>\t\t\t\t\t\t<\/span>\n\t\t\t\t\t\t\t\t\t<\/a>\n\t\t\t\t\t\t\t\t<\/div>\n\t\t\t\t\t\n\t\t\t\t<\/div>\n\n\t\t\t<\/div>\n\t\t\t\t\t<\/div>\n\t\t\t\t\t\t<\/div>\n\t\t\t\t<\/div>\n\t\t\t\t\t<\/div>\n\t\t<\/div>\n\t\t\t\t<div class=\"elementor-column elementor-col-33 elementor-top-column elementor-element elementor-element-53004d6 exad-glass-effect-no exad-sticky-section-no\" data-id=\"53004d6\" data-element_type=\"column\" data-e-type=\"column\">\n\t\t\t<div class=\"elementor-widget-wrap elementor-element-populated\">\n\t\t\t\t\t\t<div class=\"elementor-element elementor-element-d038687 exad-sticky-section-no exad-glass-effect-no elementor-widget elementor-widget-ld_content_box\" data-id=\"d038687\" data-element_type=\"widget\" data-e-type=\"widget\" data-widget_type=\"ld_content_box.default\">\n\t\t\t\t<div class=\"elementor-widget-container\">\n\t\t\t\t\t\n\t\t<div class=\"lqd-fb pos-rel lqd-fb-style-4 lqd-fb-zoom-img-onhover\">\n\t\t\t\t\t<div class=\"lqd-fb-inner\">\n\n\t\t\t\t<div class=\"overflow-hidden lqd-fb-img pos-rel\">\n\n\t\t\t\t\t<figure class=\"w-100\">\n\t\t\t\t\t\t<img decoding=\"async\" class=\"w-100\" src=\"https:\/\/www.pfp.lu\/wp-content\/uploads\/2024\/10\/coupe-feu-autres-solutions-pfp.jpg\">\t\t\t\t\t<\/figure>\n\n\t\t\t\t\t\t\t\t\t\t\t<a href=\"https:\/\/www.pfp.lu\/de\/nos-expertises-consultances\/solutions-coupe-feu\/rideaux-coupe-feu\/\" class=\"lqd-overlay\"><\/a>\n\t\t\t\t\t\n\t\t\t\t<\/div>\n\n\t\t\t\t<div class=\"lqd-fb-content pos-rel\">\n\t\t\t\t\t<div class=\"lqd-fb-bg lqd-overlay\"><\/div>\n\t\t\t\t\t<div class=\"lqd-fb-hover-overlay lqd-overlay\"><\/div>\n\t\t\t\t\t<div class=\"p-5 text-center lqd-fb-content-inner pos-rel\">\n\n\t\t\t\t\t\t<h2 class=\"lqd-fb__title mt-0 mb-3 font-weight-normal \">Brandschutzvorh\u00e4nge und -l\u00e4den<\/h2>\n\t\t\t\t\t\t\t\t\t\t\t\t<p class=\"mt-0 mb-0\"> Flexible und leistungsf\u00e4hige Brandschutzl\u00f6sungen, die den Zugang sichern und gleichzeitig einen optimalen Brandschutz gew\u00e4hrleisten.<\/p>\n\t\t\t\t\t\t\n\t\t\t\t\t<\/div>\n\n\n\t\t\t\t\t\t\t\t\t\t<div class=\"p-3 text-center lqd-fb-footer\">\n\t\t\t\t\t\n\t\t\t<a\n\t\t\t\thref=\"https:\/\/www.pfp.lu\/de\/nos-expertises-consultances\/solutions-coupe-feu\/rideaux-coupe-feu\/\"class=\"elementor-button btn btn-naked btn-icon-right btn-has-label\"\t\t\t>\n\t\t\t\t\t\t\t\t\t<span data-text=\"Mehr erfahren \" class=\"btn-txt\">\n\t\t\t\t\t\tMehr erfahren \t\t\t\t\t<\/span>\n\t\t\t\t\t\t\t\t\t\t\t\t\t\t<span class=\"btn-icon\">\n\t\t\t\t\t\t\t<i aria-hidden=\"true\" class=\"lqd-icn-ess icon-md-arrow-forward\"><\/i>\t\t\t\t\t\t<\/span>\n\t\t\t\t\t\t\t\t\t<\/a>\n\t\t\t\t\t\t\t\t<\/div>\n\t\t\t\t\t\n\t\t\t\t<\/div>\n\n\t\t\t<\/div>\n\t\t\t\t\t<\/div>\n\t\t\t\t\t\t<\/div>\n\t\t\t\t<\/div>\n\t\t\t\t\t<\/div>\n\t\t<\/div>\n\t\t\t\t<div class=\"elementor-column elementor-col-33 elementor-top-column elementor-element elementor-element-9deae82 exad-glass-effect-no exad-sticky-section-no\" data-id=\"9deae82\" data-element_type=\"column\" data-e-type=\"column\">\n\t\t\t<div class=\"elementor-widget-wrap elementor-element-populated\">\n\t\t\t\t\t\t<div class=\"elementor-element elementor-element-ea5dfc4 exad-sticky-section-no exad-glass-effect-no elementor-widget elementor-widget-ld_content_box\" data-id=\"ea5dfc4\" data-element_type=\"widget\" data-e-type=\"widget\" data-widget_type=\"ld_content_box.default\">\n\t\t\t\t<div class=\"elementor-widget-container\">\n\t\t\t\t\t\n\t\t<div class=\"lqd-fb pos-rel lqd-fb-style-4 lqd-fb-zoom-img-onhover\">\n\t\t\t\t\t<div class=\"lqd-fb-inner\">\n\n\t\t\t\t<div class=\"overflow-hidden lqd-fb-img pos-rel\">\n\n\t\t\t\t\t<figure class=\"w-100\">\n\t\t\t\t\t\t<img decoding=\"async\" class=\"w-100\" src=\"https:\/\/www.pfp.lu\/wp-content\/uploads\/2024\/10\/coupe-feu-resserrages-pfp.jpg\">\t\t\t\t\t<\/figure>\n\n\t\t\t\t\t\t\t\t\t\t\t<a href=\"https:\/\/www.pfp.lu\/de\/nos-expertises-consultances\/solutions-coupe-feu\/resserrages-coupe-feu\/\" class=\"lqd-overlay\"><\/a>\n\t\t\t\t\t\n\t\t\t\t<\/div>\n\n\t\t\t\t<div class=\"lqd-fb-content pos-rel\">\n\t\t\t\t\t<div class=\"lqd-fb-bg lqd-overlay\"><\/div>\n\t\t\t\t\t<div class=\"lqd-fb-hover-overlay lqd-overlay\"><\/div>\n\t\t\t\t\t<div class=\"p-5 text-center lqd-fb-content-inner pos-rel\">\n\n\t\t\t\t\t\t<h2 class=\"lqd-fb__title mt-0 mb-3 font-weight-normal \">Brandschutzverschl\u00fcsse<\/h2>\n\t\t\t\t\t\t\t\t\t\t\t\t<p class=\"mt-0 mb-0\"> Stellen Sie die Feuerfestigkeit Ihrer Anlagen sicher, indem Sie Kabel- und Rohrdurchf\u00fchrungen mit hochtemperaturbest\u00e4ndigen Materialien ausf\u00fcllen.<\/p>\n\t\t\t\t\t\t\n\t\t\t\t\t<\/div>\n\n\n\t\t\t\t\t\t\t\t\t\t<div class=\"p-3 text-center lqd-fb-footer\">\n\t\t\t\t\t\n\t\t\t<a\n\t\t\t\thref=\"https:\/\/www.pfp.lu\/de\/nos-expertises-consultances\/solutions-coupe-feu\/resserrages-coupe-feu\/\"class=\"elementor-button btn btn-naked btn-icon-right btn-has-label\"\t\t\t>\n\t\t\t\t\t\t\t\t\t<span data-text=\"Mehr erfahren \" class=\"btn-txt\">\n\t\t\t\t\t\tMehr erfahren \t\t\t\t\t<\/span>\n\t\t\t\t\t\t\t\t\t\t\t\t\t\t<span class=\"btn-icon\">\n\t\t\t\t\t\t\t<i aria-hidden=\"true\" class=\"lqd-icn-ess icon-md-arrow-forward\"><\/i>\t\t\t\t\t\t<\/span>\n\t\t\t\t\t\t\t\t\t<\/a>\n\t\t\t\t\t\t\t\t<\/div>\n\t\t\t\t\t\n\t\t\t\t<\/div>\n\n\t\t\t<\/div>\n\t\t\t\t\t<\/div>\n\t\t\t\t\t\t<\/div>\n\t\t\t\t<\/div>\n\t\t\t\t\t<\/div>\n\t\t<\/div>\n\t\t\t\t<div class=\"elementor-column elementor-col-33 elementor-top-column elementor-element elementor-element-1d4a283 exad-glass-effect-no exad-sticky-section-no\" data-id=\"1d4a283\" data-element_type=\"column\" data-e-type=\"column\">\n\t\t\t<div class=\"elementor-widget-wrap elementor-element-populated\">\n\t\t\t\t\t\t<div class=\"elementor-element elementor-element-b2bd70a exad-sticky-section-no exad-glass-effect-no elementor-widget elementor-widget-ld_content_box\" data-id=\"b2bd70a\" data-element_type=\"widget\" data-e-type=\"widget\" data-widget_type=\"ld_content_box.default\">\n\t\t\t\t<div class=\"elementor-widget-container\">\n\t\t\t\t\t\n\t\t<div class=\"lqd-fb pos-rel lqd-fb-style-4 lqd-fb-zoom-img-onhover\">\n\t\t\t\t\t<div class=\"lqd-fb-inner\">\n\n\t\t\t\t<div class=\"overflow-hidden lqd-fb-img pos-rel\">\n\n\t\t\t\t\t<figure class=\"w-100\">\n\t\t\t\t\t\t<img decoding=\"async\" class=\"w-100\" src=\"https:\/\/www.pfp.lu\/wp-content\/uploads\/2024\/10\/coupe-feu-compartimentage-coupe-feu-pfp.jpg\">\t\t\t\t\t<\/figure>\n\n\t\t\t\t\t\t\t\t\t\t\t<a href=\"https:\/\/www.pfp.lu\/de\/nos-expertises-consultances\/solutions-coupe-feu\/compartimentage-cf\/\" class=\"lqd-overlay\"><\/a>\n\t\t\t\t\t\n\t\t\t\t<\/div>\n\n\t\t\t\t<div class=\"lqd-fb-content pos-rel\">\n\t\t\t\t\t<div class=\"lqd-fb-bg lqd-overlay\"><\/div>\n\t\t\t\t\t<div class=\"lqd-fb-hover-overlay lqd-overlay\"><\/div>\n\t\t\t\t\t<div class=\"p-5 text-center lqd-fb-content-inner pos-rel\">\n\n\t\t\t\t\t\t<h2 class=\"lqd-fb__title mt-0 mb-3 font-weight-normal \">Brandabschnittsbildung<\/h2>\n\t\t\t\t\t\t\t\t\t\t\t\t<p class=\"mt-0 mb-0\"> Optimieren Sie den Brandschutz in Ihren Geb\u00e4uden mit einer wichtigen L\u00f6sung, um die Ausbreitung von Feuer zu begrenzen und eine sichere Evakuierung zu gew\u00e4hrleisten.<\/p>\n\t\t\t\t\t\t\n\t\t\t\t\t<\/div>\n\n\n\t\t\t\t\t\t\t\t\t\t<div class=\"p-3 text-center lqd-fb-footer\">\n\t\t\t\t\t\n\t\t\t<a\n\t\t\t\thref=\"https:\/\/www.pfp.lu\/de\/nos-expertises-consultances\/solutions-coupe-feu\/compartimentage-cf\/\"class=\"elementor-button btn btn-naked btn-icon-right btn-has-label\"\t\t\t>\n\t\t\t\t\t\t\t\t\t<span data-text=\"Mehr erfahren\" class=\"btn-txt\">\n\t\t\t\t\t\tMehr erfahren\t\t\t\t\t<\/span>\n\t\t\t\t\t\t\t\t\t\t\t\t\t\t<span class=\"btn-icon\">\n\t\t\t\t\t\t\t<i aria-hidden=\"true\" class=\"lqd-icn-ess icon-md-arrow-forward\"><\/i>\t\t\t\t\t\t<\/span>\n\t\t\t\t\t\t\t\t\t<\/a>\n\t\t\t\t\t\t\t\t<\/div>\n\t\t\t\t\t\n\t\t\t\t<\/div>\n\n\t\t\t<\/div>\n\t\t\t\t\t<\/div>\n\t\t\t\t\t\t<\/div>\n\t\t\t\t<\/div>\n\t\t\t\t\t<\/div>\n\t\t<\/div>\n\t\t\t\t<div class=\"elementor-column elementor-col-33 elementor-top-column elementor-element elementor-element-99ba90a exad-glass-effect-no exad-sticky-section-no\" data-id=\"99ba90a\" data-element_type=\"column\" data-e-type=\"column\">\n\t\t\t<div class=\"elementor-widget-wrap elementor-element-populated\">\n\t\t\t\t\t\t<div class=\"elementor-element elementor-element-bab4fbd exad-sticky-section-no exad-glass-effect-no elementor-widget elementor-widget-ld_content_box\" data-id=\"bab4fbd\" data-element_type=\"widget\" data-e-type=\"widget\" data-widget_type=\"ld_content_box.default\">\n\t\t\t\t<div class=\"elementor-widget-container\">\n\t\t\t\t\t\n\t\t<div class=\"lqd-fb pos-rel lqd-fb-style-4 lqd-fb-zoom-img-onhover\">\n\t\t\t\t\t<div class=\"lqd-fb-inner\">\n\n\t\t\t\t<div class=\"overflow-hidden lqd-fb-img pos-rel\">\n\n\t\t\t\t\t<figure class=\"w-100\">\n\t\t\t\t\t\t<img decoding=\"async\" class=\"w-100\" src=\"https:\/\/www.pfp.lu\/wp-content\/uploads\/2024\/10\/coupe-feu-plafond-et-cloisons-pfp.jpg\">\t\t\t\t\t<\/figure>\n\n\t\t\t\t\t\t\t\t\t\t\t<a href=\"https:\/\/www.pfp.lu\/de\/nos-expertises-consultances\/solutions-coupe-feu\/cloisons-et-plafonds-coupe-feu\/\" class=\"lqd-overlay\"><\/a>\n\t\t\t\t\t\n\t\t\t\t<\/div>\n\n\t\t\t\t<div class=\"lqd-fb-content pos-rel\">\n\t\t\t\t\t<div class=\"lqd-fb-bg lqd-overlay\"><\/div>\n\t\t\t\t\t<div class=\"lqd-fb-hover-overlay lqd-overlay\"><\/div>\n\t\t\t\t\t<div class=\"p-5 text-center lqd-fb-content-inner pos-rel\">\n\n\t\t\t\t\t\t<h2 class=\"lqd-fb__title mt-0 mb-3 font-weight-normal \">Brandabschnittsbildung<\/h2>\n\t\t\t\t\t\t\t\t\t\t\t\t<p class=\"mt-0 mb-0\"> Verbessern Sie den Brandschutz in Ihren Geb\u00e4uden mit Brandschutzw\u00e4nden und -decken, die so konzipiert sind, dass sie die Ausbreitung von Flammen und Hitze einschr\u00e4nken.<\/p>\n\t\t\t\t\t\t\n\t\t\t\t\t<\/div>\n\n\n\t\t\t\t\t\t\t\t\t\t<div class=\"p-3 text-center lqd-fb-footer\">\n\t\t\t\t\t\n\t\t\t<a\n\t\t\t\thref=\"https:\/\/www.pfp.lu\/de\/nos-expertises-consultances\/solutions-coupe-feu\/cloisons-et-plafonds-coupe-feu\/\"class=\"elementor-button btn btn-naked btn-icon-right btn-has-label\"\t\t\t>\n\t\t\t\t\t\t\t\t\t<span data-text=\"Mehr erfahren\" class=\"btn-txt\">\n\t\t\t\t\t\tMehr erfahren\t\t\t\t\t<\/span>\n\t\t\t\t\t\t\t\t\t\t\t\t\t\t<span class=\"btn-icon\">\n\t\t\t\t\t\t\t<i aria-hidden=\"true\" class=\"lqd-icn-ess icon-md-arrow-forward\"><\/i>\t\t\t\t\t\t<\/span>\n\t\t\t\t\t\t\t\t\t<\/a>\n\t\t\t\t\t\t\t\t<\/div>\n\t\t\t\t\t\n\t\t\t\t<\/div>\n\n\t\t\t<\/div>\n\t\t\t\t\t<\/div>\n\t\t\t\t\t\t<\/div>\n\t\t\t\t<\/div>\n\t\t\t\t\t<\/div>\n\t\t<\/div>\n\t\t\t\t<div class=\"elementor-column elementor-col-33 elementor-top-column elementor-element elementor-element-249cc5d exad-glass-effect-no exad-sticky-section-no\" data-id=\"249cc5d\" data-element_type=\"column\" data-e-type=\"column\">\n\t\t\t<div class=\"elementor-widget-wrap elementor-element-populated\">\n\t\t\t\t\t\t<div class=\"elementor-element elementor-element-324189c exad-sticky-section-no exad-glass-effect-no elementor-widget elementor-widget-ld_content_box\" data-id=\"324189c\" data-element_type=\"widget\" data-e-type=\"widget\" data-widget_type=\"ld_content_box.default\">\n\t\t\t\t<div class=\"elementor-widget-container\">\n\t\t\t\t\t\n\t\t<div class=\"lqd-fb pos-rel lqd-fb-style-4 lqd-fb-zoom-img-onhover\">\n\t\t\t\t\t<div class=\"lqd-fb-inner\">\n\n\t\t\t\t<div class=\"overflow-hidden lqd-fb-img pos-rel\">\n\n\t\t\t\t\t<figure class=\"w-100\">\n\t\t\t\t\t\t<img decoding=\"async\" class=\"w-100\" src=\"https:\/\/www.pfp.lu\/wp-content\/uploads\/2024\/10\/coupe-feu-cloison-protectrice-pfp-1.jpg\">\t\t\t\t\t<\/figure>\n\n\t\t\t\t\t\t\t\t\t\t\t<a href=\"https:\/\/www.pfp.lu\/de\/nos-expertises-consultances\/solutions-coupe-feu\/porte-coulissantes-coupe-feu\/\" class=\"lqd-overlay\"><\/a>\n\t\t\t\t\t\n\t\t\t\t<\/div>\n\n\t\t\t\t<div class=\"lqd-fb-content pos-rel\">\n\t\t\t\t\t<div class=\"lqd-fb-bg lqd-overlay\"><\/div>\n\t\t\t\t\t<div class=\"lqd-fb-hover-overlay lqd-overlay\"><\/div>\n\t\t\t\t\t<div class=\"p-5 text-center lqd-fb-content-inner pos-rel\">\n\n\t\t\t\t\t\t<h2 class=\"lqd-fb__title mt-0 mb-3 font-weight-normal \">Feuerschutz-Schiebet\u00fcren<\/h2>\n\t\t\t\t\t\t\t\t\t\t\t\t<p class=\"mt-0 mb-0\"> Optimieren Sie den Brandschutz in Ihren R\u00e4umen mit feuerhemmenden Schiebet\u00fcren, die Robustheit und Benutzerfreundlichkeit vereinen.<\/p>\n\t\t\t\t\t\t\n\t\t\t\t\t<\/div>\n\n\n\t\t\t\t\t\t\t\t\t\t<div class=\"p-3 text-center lqd-fb-footer\">\n\t\t\t\t\t\n\t\t\t<a\n\t\t\t\thref=\"https:\/\/www.pfp.lu\/de\/nos-expertises-consultances\/solutions-coupe-feu\/porte-coulissantes-coupe-feu\/\"class=\"elementor-button btn btn-naked btn-icon-right btn-has-label\"\t\t\t>\n\t\t\t\t\t\t\t\t\t<span data-text=\"Mehr erfahren \" class=\"btn-txt\">\n\t\t\t\t\t\tMehr erfahren \t\t\t\t\t<\/span>\n\t\t\t\t\t\t\t\t\t\t\t\t\t\t<span class=\"btn-icon\">\n\t\t\t\t\t\t\t<i aria-hidden=\"true\" class=\"lqd-icn-ess icon-md-arrow-forward\"><\/i>\t\t\t\t\t\t<\/span>\n\t\t\t\t\t\t\t\t\t<\/a>\n\t\t\t\t\t\t\t\t<\/div>\n\t\t\t\t\t\n\t\t\t\t<\/div>\n\n\t\t\t<\/div>\n\t\t\t\t\t<\/div>\n\t\t\t\t\t\t<\/div>\n\t\t\t\t<\/div>\n\t\t\t\t\t<\/div>\n\t\t<\/div>\n\t\t\t\t<div class=\"elementor-column elementor-col-33 elementor-top-column elementor-element elementor-element-e23218d exad-glass-effect-no exad-sticky-section-no\" data-id=\"e23218d\" data-element_type=\"column\" data-e-type=\"column\">\n\t\t\t<div class=\"elementor-widget-wrap elementor-element-populated\">\n\t\t\t\t\t\t<div class=\"elementor-element elementor-element-94dcd6a exad-sticky-section-no exad-glass-effect-no elementor-widget elementor-widget-ld_content_box\" data-id=\"94dcd6a\" data-element_type=\"widget\" data-e-type=\"widget\" data-widget_type=\"ld_content_box.default\">\n\t\t\t\t<div class=\"elementor-widget-container\">\n\t\t\t\t\t\n\t\t<div class=\"lqd-fb pos-rel lqd-fb-style-4 lqd-fb-zoom-img-onhover\">\n\t\t\t\t\t<div class=\"lqd-fb-inner\">\n\n\t\t\t\t<div class=\"overflow-hidden lqd-fb-img pos-rel\">\n\n\t\t\t\t\t<figure class=\"w-100\">\n\t\t\t\t\t\t<img decoding=\"async\" class=\"w-100\" src=\"https:\/\/www.pfp.lu\/wp-content\/uploads\/2024\/10\/coupe-feu-protection-feu-des-structures-porteuses-pfp.jpg\">\t\t\t\t\t<\/figure>\n\n\t\t\t\t\t\t\t\t\t\t\t<a href=\"https:\/\/www.pfp.lu\/de\/nos-expertises-consultances\/solutions-coupe-feu\/protection-des-structures-porteuses\/\" class=\"lqd-overlay\"><\/a>\n\t\t\t\t\t\n\t\t\t\t<\/div>\n\n\t\t\t\t<div class=\"lqd-fb-content pos-rel\">\n\t\t\t\t\t<div class=\"lqd-fb-bg lqd-overlay\"><\/div>\n\t\t\t\t\t<div class=\"lqd-fb-hover-overlay lqd-overlay\"><\/div>\n\t\t\t\t\t<div class=\"p-5 text-center lqd-fb-content-inner pos-rel\">\n\n\t\t\t\t\t\t<h2 class=\"lqd-fb__title mt-0 mb-3 font-weight-normal \">Schutz der tragenden Strukturen Feuerschutz<\/h2>\n\t\t\t\t\t\t\t\t\t\t\t\t<p class=\"mt-0 mb-0\"> Sch\u00fctzen Sie die tragenden Strukturen effektiv mit Brandschutzvorrichtungen, die den geltenden Normen entsprechen.<br><br><br><\/p>\n\t\t\t\t\t\t\n\t\t\t\t\t<\/div>\n\n\n\t\t\t\t\t\t\t\t\t\t<div class=\"p-3 text-center lqd-fb-footer\">\n\t\t\t\t\t\n\t\t\t<a\n\t\t\t\thref=\"https:\/\/www.pfp.lu\/de\/nos-expertises-consultances\/solutions-coupe-feu\/protection-des-structures-porteuses\/\"class=\"elementor-button btn btn-naked btn-icon-right btn-has-label\"\t\t\t>\n\t\t\t\t\t\t\t\t\t<span data-text=\"Mehr erfahren \" class=\"btn-txt\">\n\t\t\t\t\t\tMehr erfahren \t\t\t\t\t<\/span>\n\t\t\t\t\t\t\t\t\t\t\t\t\t\t<span class=\"btn-icon\">\n\t\t\t\t\t\t\t<i aria-hidden=\"true\" class=\"lqd-icn-ess icon-md-arrow-forward\"><\/i>\t\t\t\t\t\t<\/span>\n\t\t\t\t\t\t\t\t\t<\/a>\n\t\t\t\t\t\t\t\t<\/div>\n\t\t\t\t\t\n\t\t\t\t<\/div>\n\n\t\t\t<\/div>\n\t\t\t\t\t<\/div>\n\t\t\t\t\t\t<\/div>\n\t\t\t\t<\/div>\n\t\t\t\t\t<\/div>\n\t\t<\/div>\n\t\t\t\t<div class=\"elementor-column elementor-col-33 elementor-top-column elementor-element elementor-element-0ad3520 exad-glass-effect-no exad-sticky-section-no\" data-id=\"0ad3520\" data-element_type=\"column\" data-e-type=\"column\">\n\t\t\t<div class=\"elementor-widget-wrap elementor-element-populated\">\n\t\t\t\t\t\t<div class=\"elementor-element elementor-element-f19577b exad-sticky-section-no exad-glass-effect-no elementor-widget elementor-widget-ld_content_box\" data-id=\"f19577b\" data-element_type=\"widget\" data-e-type=\"widget\" data-widget_type=\"ld_content_box.default\">\n\t\t\t\t<div class=\"elementor-widget-container\">\n\t\t\t\t\t\n\t\t<div class=\"lqd-fb pos-rel lqd-fb-style-4 lqd-fb-zoom-img-onhover\">\n\t\t\t\t\t<div class=\"lqd-fb-inner\">\n\n\t\t\t\t<div class=\"overflow-hidden lqd-fb-img pos-rel\">\n\n\t\t\t\t\t<figure class=\"w-100\">\n\t\t\t\t\t\t<img decoding=\"async\" class=\"w-100\" src=\"https:\/\/www.pfp.lu\/wp-content\/uploads\/2025\/03\/Solution-coupe-feu-vitree-luxembourg.jpg\">\t\t\t\t\t<\/figure>\n\n\t\t\t\t\t\t\t\t\t\t\t<a href=\"https:\/\/www.pfp.lu\/de\/nos-expertises-consultances\/solutions-coupe-feu\/les-ensembles-vitres-coupe-feu-et-coupe-fumee-cfcf\/\" class=\"lqd-overlay\"><\/a>\n\t\t\t\t\t\n\t\t\t\t<\/div>\n\n\t\t\t\t<div class=\"lqd-fb-content pos-rel\">\n\t\t\t\t\t<div class=\"lqd-fb-bg lqd-overlay\"><\/div>\n\t\t\t\t\t<div class=\"lqd-fb-hover-overlay lqd-overlay\"><\/div>\n\t\t\t\t\t<div class=\"p-5 text-center lqd-fb-content-inner pos-rel\">\n\n\t\t\t\t\t\t<h2 class=\"lqd-fb__title mt-0 mb-3 font-weight-normal \">Feuer- und rauchhemmende verglaste Sets<\/h2>\n\t\t\t\t\t\t\t\t\t\t\t\t<p class=\"mt-0 mb-0\"> Kombinieren Sie Sicherheit und \u00c4sthetik mit verglasten Systemen, die vor der Ausbreitung von Flammen sch\u00fctzen und gleichzeitig das nat\u00fcrliche Licht in Ihren R\u00e4umen bewahren.<\/p>\n\t\t\t\t\t\t\n\t\t\t\t\t<\/div>\n\n\n\t\t\t\t\t\t\t\t\t\t<div class=\"p-3 text-center lqd-fb-footer\">\n\t\t\t\t\t\n\t\t\t<a\n\t\t\t\thref=\"https:\/\/www.pfp.lu\/de\/nos-expertises-consultances\/solutions-coupe-feu\/les-ensembles-vitres-coupe-feu-et-coupe-fumee-cfcf\/\"class=\"elementor-button btn btn-naked btn-icon-right btn-has-label\"\t\t\t>\n\t\t\t\t\t\t\t\t\t<span data-text=\"Mehr erfahren\" class=\"btn-txt\">\n\t\t\t\t\t\tMehr erfahren\t\t\t\t\t<\/span>\n\t\t\t\t\t\t\t\t\t\t\t\t\t\t<span class=\"btn-icon\">\n\t\t\t\t\t\t\t<i aria-hidden=\"true\" class=\"lqd-icn-ess icon-md-arrow-forward\"><\/i>\t\t\t\t\t\t<\/span>\n\t\t\t\t\t\t\t\t\t<\/a>\n\t\t\t\t\t\t\t\t<\/div>\n\t\t\t\t\t\n\t\t\t\t<\/div>\n\n\t\t\t<\/div>\n\t\t\t\t\t<\/div>\n\t\t\t\t\t\t<\/div>\n\t\t\t\t<\/div>\n\t\t\t\t\t<\/div>\n\t\t<\/div>\n\t\t\t\t\t<\/div>\n\t\t<\/section>\n\t\t\t\t<\/div>\n\t\t","protected":false},"excerpt":{"rendered":"<p>Feuerhemmende T\u00fcr Sch\u00fctzen Sie Ihre Geb\u00e4ude effektiv vor der Ausbreitung von Feuer und Rauch mit widerstandsf\u00e4higen T\u00fcren, die den Sicherheitsstandards entsprechen. Mehr erfahren Brandschutzvorh\u00e4nge und -l\u00e4den Flexible und leistungsf\u00e4hige Brandschutzl\u00f6sungen, die den Zugang sichern und gleichzeitig einen optimalen Brandschutz gew\u00e4hrleisten. Mehr erfahren Brandschutzverschl\u00fcsse Stellen Sie die Feuerfestigkeit Ihrer Anlagen sicher, indem Sie Kabel- und Rohrdurchf\u00fchrungen [&hellip;]<\/p>\n","protected":false},"author":1,"featured_media":0,"parent":13819,"menu_order":0,"comment_status":"closed","ping_status":"closed","template":"","meta":{"_seopress_robots_primary_cat":"","_seopress_titles_title":"Feuerhemmende L\u00f6sungen : Optimaler Feuerschutz | PFP","_seopress_titles_desc":"Unsere Brandschutzl\u00f6sungen bieten einen hohen thermischen Widerstand und begrenzen die Ausbreitung von Flammen.","_seopress_robots_index":"","footnotes":""},"class_list":["post-13736","page","type-page","status-publish","hentry"],"_links":{"self":[{"href":"https:\/\/www.pfp.lu\/de\/wp-json\/wp\/v2\/pages\/13736","targetHints":{"allow":["GET"]}}],"collection":[{"href":"https:\/\/www.pfp.lu\/de\/wp-json\/wp\/v2\/pages"}],"about":[{"href":"https:\/\/www.pfp.lu\/de\/wp-json\/wp\/v2\/types\/page"}],"author":[{"embeddable":true,"href":"https:\/\/www.pfp.lu\/de\/wp-json\/wp\/v2\/users\/1"}],"replies":[{"embeddable":true,"href":"https:\/\/www.pfp.lu\/de\/wp-json\/wp\/v2\/comments?post=13736"}],"version-history":[{"count":14,"href":"https:\/\/www.pfp.lu\/de\/wp-json\/wp\/v2\/pages\/13736\/revisions"}],"predecessor-version":[{"id":14284,"href":"https:\/\/www.pfp.lu\/de\/wp-json\/wp\/v2\/pages\/13736\/revisions\/14284"}],"up":[{"embeddable":true,"href":"https:\/\/www.pfp.lu\/de\/wp-json\/wp\/v2\/pages\/13819"}],"wp:attachment":[{"href":"https:\/\/www.pfp.lu\/de\/wp-json\/wp\/v2\/media?parent=13736"}],"curies":[{"name":"wp","href":"https:\/\/api.w.org\/{rel}","templated":true}]}}