{"id":13796,"date":"2024-10-07T12:43:08","date_gmt":"2024-10-07T12:43:08","guid":{"rendered":"https:\/\/www.pfp.lu\/?page_id=13796"},"modified":"2025-05-04T20:31:24","modified_gmt":"2025-05-04T20:31:24","slug":"privacy-policy","status":"publish","type":"page","link":"https:\/\/www.pfp.lu\/de\/privacy-policy\/","title":{"rendered":"Privacy Policy"},"content":{"rendered":"\n<h2 class=\"wp-block-heading\">Wer wir sind<\/h2>\n\n<p><strong class=\"privacy-policy-tutorial\">Vorgeschlagener Text: <\/strong>Unsere Webadresse lautet: https:\/\/www.pfp.lu.<\/p>\n\n<h2 class=\"wp-block-heading\">Kommentare<\/h2>\n\n<p><strong class=\"privacy-policy-tutorial\">Vorgeschlagener Text: <\/strong>Wenn Besucher Kommentare auf der Website hinterlassen, sammeln wir die im Kommentarformular angegebenen Daten sowie die IP-Adresse des Besuchers und den Browser-Agentenstring, um bei der Spam-Erkennung zu helfen.<\/p>\n\n<p>Ein anonymisierter String, der aus Ihrer E-Mail-Adresse erstellt wurde (auch Hash genannt), kann dem Gravatar-Service zur Verf\u00fcgung gestellt werden, um zu sehen, ob Sie ihn benutzen. Die Datenschutzbestimmungen des Gravatar-Dienstes finden Sie hier: https:\/\/automattic.com\/privacy\/. Nach der Genehmigung Ihres Kommentars ist Ihr Profilbild im Zusammenhang mit Ihrem Kommentar f\u00fcr die \u00d6ffentlichkeit sichtbar. <\/p>\n\n<h2 class=\"wp-block-heading\">Medien<\/h2>\n\n<p><strong class=\"privacy-policy-tutorial\">Vorgeschlagener Text: <\/strong>Wenn Sie Bilder auf die Website hochladen, sollten Sie vermeiden, Bilder mit eingebetteten Standortdaten (EXIF GPS) hochzuladen. Besucher der Website k\u00f6nnen alle Standortdaten von Bildern auf der Website herunterladen und extrahieren. <\/p>\n\n<h2 class=\"wp-block-heading\">Cookies<\/h2>\n\n<p><strong class=\"privacy-policy-tutorial\">Textvorschlag: <\/strong>Wenn Sie einen Kommentar auf unserer Website hinterlassen, k\u00f6nnen Sie sich daf\u00fcr entscheiden, Ihren Namen, Ihre E-Mail-Adresse und Ihre Website in Cookies zu speichern. Diese dienen Ihrer Bequemlichkeit, damit Sie Ihre Daten nicht noch einmal eingeben m\u00fcssen, wenn Sie einen weiteren Kommentar hinterlassen. Diese Cookies bleiben ein Jahr lang bestehen.  <\/p>\n\n<p>Wenn Sie unsere Login-Seite besuchen, setzen wir ein tempor\u00e4res Cookie, um festzustellen, ob Ihr Browser Cookies akzeptiert. Dieses Cookie enth\u00e4lt keine pers\u00f6nlichen Daten und wird beim Schlie\u00dfen Ihres Browsers gel\u00f6scht. <\/p>\n\n<p>Wenn Sie sich anmelden, werden wir auch mehrere Cookies setzen, um Ihre Anmeldeinformationen und Ihre Bildschirmoptionen zu speichern. Login-Cookies bleiben zwei Tage lang bestehen, Bildschirmoptionen-Cookies bleiben ein Jahr lang bestehen. Wenn Sie &#8222;Remember Me&#8220; w\u00e4hlen, bleibt Ihr Login zwei Wochen lang bestehen. Wenn Sie sich aus Ihrem Konto ausloggen, werden die Login-Cookies gel\u00f6scht.   <\/p>\n\n<p>Wenn Sie einen Artikel bearbeiten oder ver\u00f6ffentlichen, wird ein zus\u00e4tzliches Cookie in Ihrem Browser gespeichert. Dieses Cookie enth\u00e4lt keine personenbezogenen Daten und zeigt lediglich die Post-ID des Artikels an, den Sie gerade bearbeitet haben. Er l\u00e4uft nach einem Tag ab.  <\/p>\n\n<h2 class=\"wp-block-heading\">Eingebetteter Inhalt von anderen Webseiten<\/h2>\n\n<p><strong class=\"privacy-policy-tutorial\">Textvorschlag: <\/strong>Artikel auf dieser Website k\u00f6nnen eingebettete Inhalte enthalten (z.B. Videos, Bilder, Artikel, etc.). Eingebetteter Inhalt von anderen Websites verh\u00e4lt sich genau so, als ob der Besucher die andere Website besucht h\u00e4tte. <\/p>\n\n<p>Diese Websites k\u00f6nnen Daten \u00fcber Sie sammeln, Cookies verwenden, zus\u00e4tzliches Third-Party-Tracking einbetten und Ihre Interaktion mit dem eingebetteten Inhalt \u00fcberwachen, einschlie\u00dflich der \u00dcberwachung Ihrer Interaktion mit dem eingebetteten Inhalt, wenn Sie ein Konto haben und auf der Website angemeldet sind.<\/p>\n\n<h2 class=\"wp-block-heading\">An wen wir Ihre Daten weitergeben<\/h2>\n\n<p><strong class=\"privacy-policy-tutorial\">Vorgeschlagener Text: <\/strong>Wenn Sie eine Kennwortr\u00fccksetzung beantragen, wird Ihre IP-Adresse in die R\u00fccksetzungs-E-Mail aufgenommen.<\/p>\n\n<h2 class=\"wp-block-heading\">Wie lange wir Ihre Daten aufbewahren<\/h2>\n\n<p><strong class=\"privacy-policy-tutorial\">Textvorschlag: <\/strong>Wenn Sie einen Kommentar hinterlassen, werden der Kommentar und seine Metadaten auf unbestimmte Zeit gespeichert. So k\u00f6nnen wir alle Folgekommentare automatisch erkennen und genehmigen, anstatt sie in einer Moderationswarteschlange zu halten. <\/p>\n\n<p>F\u00fcr Benutzer, die sich auf unserer Website registrieren (falls zutreffend), speichern wir auch die pers\u00f6nlichen Informationen, die sie in ihrem Benutzerprofil angeben. Alle Nutzer k\u00f6nnen ihre pers\u00f6nlichen Informationen jederzeit einsehen, bearbeiten oder l\u00f6schen (au\u00dfer, dass sie ihren Benutzernamen nicht \u00e4ndern k\u00f6nnen). Website-Administratoren k\u00f6nnen diese Informationen ebenfalls einsehen und bearbeiten.  <\/p>\n\n<h2 class=\"wp-block-heading\">Welche Rechte Sie \u00fcber Ihre Daten haben<\/h2>\n\n<p><strong class=\"privacy-policy-tutorial\">Textvorschlag: <\/strong>Wenn Sie ein Konto auf dieser Website haben oder Kommentare hinterlassen haben, k\u00f6nnen Sie eine ausgedruckte Datei der pers\u00f6nlichen Daten, die wir \u00fcber Sie gespeichert haben, einschlie\u00dflich aller Daten, die Sie uns zur Verf\u00fcgung gestellt haben, anfordern. Sie k\u00f6nnen auch beantragen, dass wir alle personenbezogenen Daten, die wir \u00fcber Sie gespeichert haben, l\u00f6schen. Dies schlie\u00dft keine Daten ein, die wir f\u00fcr administrative, rechtliche oder sicherheitstechnische Zwecke aufbewahren m\u00fcssen.  <\/p>\n\n<h2 class=\"wp-block-heading\">Wohin Ihre Daten gesendet werden<\/h2>\n\n<p><strong class=\"privacy-policy-tutorial\">Vorgeschlagener Text: <\/strong>Visitor comments may be checked through an automated spam detection service.<\/p>\n","protected":false},"excerpt":{"rendered":"<p>Wer wir sind Vorgeschlagener Text: Unsere Webadresse lautet: https:\/\/www.pfp.lu. Kommentare Vorgeschlagener Text: Wenn Besucher Kommentare auf der Website hinterlassen, sammeln wir die im Kommentarformular angegebenen Daten sowie die IP-Adresse des Besuchers und den Browser-Agentenstring, um bei der Spam-Erkennung zu helfen. Ein anonymisierter String, der aus Ihrer E-Mail-Adresse erstellt wurde (auch Hash genannt), kann dem Gravatar-Service [&hellip;]<\/p>\n","protected":false},"author":1,"featured_media":0,"parent":0,"menu_order":0,"comment_status":"closed","ping_status":"closed","template":"","meta":{"_seopress_robots_primary_cat":"","_seopress_titles_title":"","_seopress_titles_desc":"","_seopress_robots_index":"","footnotes":""},"class_list":["post-13796","page","type-page","status-publish","hentry"],"_links":{"self":[{"href":"https:\/\/www.pfp.lu\/de\/wp-json\/wp\/v2\/pages\/13796","targetHints":{"allow":["GET"]}}],"collection":[{"href":"https:\/\/www.pfp.lu\/de\/wp-json\/wp\/v2\/pages"}],"about":[{"href":"https:\/\/www.pfp.lu\/de\/wp-json\/wp\/v2\/types\/page"}],"author":[{"embeddable":true,"href":"https:\/\/www.pfp.lu\/de\/wp-json\/wp\/v2\/users\/1"}],"replies":[{"embeddable":true,"href":"https:\/\/www.pfp.lu\/de\/wp-json\/wp\/v2\/comments?post=13796"}],"version-history":[{"count":1,"href":"https:\/\/www.pfp.lu\/de\/wp-json\/wp\/v2\/pages\/13796\/revisions"}],"predecessor-version":[{"id":13797,"href":"https:\/\/www.pfp.lu\/de\/wp-json\/wp\/v2\/pages\/13796\/revisions\/13797"}],"wp:attachment":[{"href":"https:\/\/www.pfp.lu\/de\/wp-json\/wp\/v2\/media?parent=13796"}],"curies":[{"name":"wp","href":"https:\/\/api.w.org\/{rel}","templated":true}]}}