{"id":13812,"date":"2021-08-17T06:50:19","date_gmt":"2021-08-17T06:50:19","guid":{"rendered":"https:\/\/www.pfp.lu\/achievements\/"},"modified":"2026-02-16T10:41:17","modified_gmt":"2026-02-16T10:41:17","slug":"achievements","status":"publish","type":"page","link":"https:\/\/www.pfp.lu\/en\/achievements\/","title":{"rendered":"Achievements"},"content":{"rendered":"\t\t<div data-elementor-type=\"wp-page\" data-elementor-id=\"13812\" class=\"elementor elementor-13812 elementor-10254\" data-elementor-post-type=\"page\">\n\t\t\t\t<div data-custom-animations=\"true\" data-ca-options=\"{&quot;addChildTimelines&quot;:false,&quot;trigger&quot;:&quot;firstChild&quot;,&quot;animationTarget&quot;:&quot;:scope .e-con-inner &gt; .elementor-element:not(.lqd-exclude-parent-ca) &gt; .elementor-widget-container, :scope .e-con-inner &gt; .elementor-widget-hub_fancy_heading .lqd-split-lines .lqd-lines .split-inner, :scope .e-con-inner &gt; .elementor-widget-hub_fancy_heading .lqd-split-words .lqd-words .split-inner, :scope .e-con-inner &gt; .elementor-widget-hub_fancy_heading .lqd-split-chars .lqd-chars .split-inner, :scope .e-con-inner &gt; .elementor-widget-hub_fancy_heading .lqd-adv-txt-fig, :scope .e-con-inner &gt; .elementor-widget-ld_custom_menu .lqd-fancy-menu &gt; ul &gt; li, :scope .e-con:not([data-parallax]) .elementor-element &gt; .elementor-widget-container, :scope .e-con:not([data-parallax]) .elementor-widget-hub_fancy_heading .lqd-split-lines .lqd-lines .split-inner, :scope .e-con:not([data-parallax]) .elementor-widget-hub_fancy_heading .lqd-split-words .lqd-words .split-inner, :scope .e-con:not([data-parallax]) .elementor-widget-hub_fancy_heading .lqd-split-chars .lqd-chars .split-inner, :scope .e-con:not([data-parallax]) .elementor-widget-ld_custom_menu .lqd-fancy-menu &gt; ul &gt; li&quot;,&quot;duration&quot;:750,&quot;startDelay&quot;:250,&quot;delay&quot;:55,&quot;ease&quot;:&quot;expo.out&quot;,&quot;initValues&quot;:{&quot;y&quot;:&quot;100px&quot;,&quot;opacity&quot;:0,&quot;transformOrigin&quot;:&quot;50% 50% 0px&quot;},&quot;animations&quot;:{&quot;y&quot;:&quot;0px&quot;,&quot;opacity&quot;:1,&quot;transformOrigin&quot;:&quot;50% 50% 0px&quot;}}\" data-particle_enable=\"false\" data-particle-mobile-disabled=\"false\" class=\"elementor-element elementor-element-6ec2e22b e-flex e-con-boxed e-con e-parent\" data-id=\"6ec2e22b\" data-element_type=\"container\" data-e-type=\"container\">\n\t\t\t\t\t<div class=\"e-con-inner\">\n\t\t\t\t<div class=\"elementor-element elementor-element-41644305 exad-sticky-section-no exad-glass-effect-no elementor-widget elementor-widget-hub_fancy_heading lqd-el-has-inner-anim\" data-id=\"41644305\" data-element_type=\"widget\" data-e-type=\"widget\" data-settings=\"{&quot;enable_split&quot;:&quot;true&quot;,&quot;split_type&quot;:&quot;lines&quot;}\" data-widget_type=\"hub_fancy_heading.default\">\n\t\t\t\t<div class=\"elementor-widget-container\">\n\t\t\t\t\t\n\t\t<div id=\"ld-fancy-heading-69f1b5bcdcd76\" class=\"ld-fancy-heading pos-rel mask-text\">\n\t\t\t<h2 class=\"ld-fh-element d-inline-block pos-rel  elementor-heading-title lqd-highlight-classic lqd-highlight-grow-left lqd-split-lines h2\"  data-split-text=\"true\" data-split-options='{\"type\":\"lines\"}'> Our achievements<\/h2>\t\t<\/div>\n\n\t\t\t\t\t\t<\/div>\n\t\t\t\t<\/div>\n\t\t\t\t<div class=\"elementor-element elementor-element-5fa4d65f elementor-widget__width-inherit exad-sticky-section-no exad-glass-effect-no elementor-widget elementor-widget-ld_portfolio\" data-id=\"5fa4d65f\" data-element_type=\"widget\" data-e-type=\"widget\" data-widget_type=\"ld_portfolio.default\">\n\t\t\t\t<div class=\"elementor-widget-container\">\n\t\t\t\t\t<div class=\"lqd-pf-grid lqd-pf-grid-5fa4d65f\">\t\t\t\r\n<div class=\"liquid-filter-items align-items-center justify-content-between\">\t\r\n\t<div class=\"liquid-filter-items-inner flex-grow-1\">\r\n\t\t\r\n\t\t\t\t\t<span class=\"liquid-filter-items-label    \">Filter by<\/span>\r\n\t\t\r\n\t\t<ul class=\"filter-list filter-list-inline  size-md     d-flex align-items-center hidden-xs hidden-sm\" id=\"pf-filter-1604638303\">\r\n\t\t\t<li class=\"active\" data-filter=\"*\"><span>All<\/span><\/li>\r\n\t\t\t<li data-filter=\".lqd-f-46\"><span>Fireproof Glass Set<\/span><\/li>\t\t<\/ul>\r\n\r\n\t\t<div class=\"lqd-filter-dropdown visible-xs visible-sm\" data-form-options='{ \"dropdownAppendTo\": \"self\" }'>\r\n\t\t\t<select name=\"lqd-filter-dropdown-pf-filter-1604638303\" id=\"lqd-filter-dropdown-pf-filter-1604638303\">\r\n\t\t\t\t<option selected data-filter=\"*\" value=\"*\">All<\/option>\r\n\t\t\t\t<option data-filter=\".lqd-f-46\" value=\".lqd-f-46\">Fireproof Glass Set<\/option>\t\t\t<\/select>\r\n\t\t<\/div>\r\n\t\t\t\r\n\t\t\t\t<a  href=\"#\" class=\"elementor-button btn ws-nowrap btn-underlined border-thin btn-icon-right btn-hover-reveal btn-has-label\" >\n\t\t\t\t\t\t\t<span class=\"btn-txt\" data-text=\"See more\" >See more<\/span>\n\t\t\t\t\t\t<span class=\"btn-icon\"><i class=\"lqd-icn-ess icon-md-arrow-forward\"><\/i><\/span>\t\t<\/a>\n\t\t\t\t\t\t\t\t\r\n\t\t\t\r\n\t<\/div>\r\n<\/div><div id=\"lqd-pf-grid-5fa4d65f\" class=\"lqd-pf-row row d-flex flex-wrap lqd-pf-grid-5fa4d65f\" data-liquid-masonry=\"true\" data-masonry-options='{ \"layoutMode\": \"packery\", \"filtersID\": \"#pf-filter-1604638303\", \"filtersCounter\": true }'><div class=\"lqd-pf-column col-md-4 col-sm-6 col-xs-12 col-sm-6 col-xs-12 masonry-item fireproof-glass-set lqd-f-46\">\n\n\t<article id=\"post-14806\" class=\"lqd-pf-item lqd-pf-item-style-6 border-radius-6 p-3 pt-4 lqd-pf-dark post-14806 liquid-portfolio type-liquid-portfolio status-publish format-standard has-post-thumbnail hentry liquid-portfolio-category-fireproof-glass-set\">\n\t\t<div class=\"lqd-pf-item-inner\">\n\n\t\t\t<div class=\"lqd-pf-img mb-3 pos-rel border-radius-10 overflow-hidden\">\n\t\t\t\t<figure>\n\t\t\t\t\t<figure class=\"w-100\"><img fetchpriority=\"high\" decoding=\"async\" width=\"760\" height=\"520\" src=\"https:\/\/www.pfp.lu\/wp-content\/uploads\/2026\/02\/Porte-Coupe-feu-vitree-Pfp-Luxembourg-760x520.png\" class=\"w-100 wp-post-image\" alt=\"\" itemprop=\"image\" \/><\/figure>\t\t\t\t<\/figure>\n\t\t\t\t<span class=\"lqd-pf-overlay-bg lqd-overlay d-flex align-items-center justify-content-center\">\n\t\t\t\t<\/span>\n\t\t\t<\/div>\n\n\t\t\t<div class=\"lqd-pf-details\">\n\t\t\t\t<div class=\"d-flex justify-content-between\">\n\t\t\t\t\t\t\t\t\t\t<h3 class=\"lqd-pf-title mt-0 align-items-center \">Fire-resistant glass assembly in an administrative building<\/h3>\t\t\t\t\t\t\t\t\t<\/div>\n\t\t\t\t<ul class=\"reset-ul inline-nav lqd-pf-cat d-inline-flex pos-rel z-index-2\"><li><a href=\"https:\/\/www.pfp.lu\/en\/portfolio-category\/fireproof-glass-set\/\">Fireproof Glass Set<\/a><\/li><\/ul>\t\t\t<\/div>\n\n\t\t\t<a href=\"https:\/\/www.pfp.lu\/en\/portfolio\/fire-resistant-glass-assembly-in-an-administrative-building\/\"  class=\"lqd-overlay lqd-pf-overlay-link lqd-cc-label-trigger\" ><\/a>\n\t\t<\/div>\n\t<\/article>\n\n<\/div><\/div><\/div>\t\t\t\t<\/div>\n\t\t\t\t<\/div>\n\t\t\t\t\t<\/div>\n\t\t\t\t<\/div>\n\t\t\t\t<section data-section-luminosity=\"dark\" data-particle_enable=\"false\" data-particle-mobile-disabled=\"false\" data-exad-particle-enable=\"false\" class=\"elementor-section elementor-top-section elementor-element elementor-element-bc7265b elementor-section-height-min-height elementor-hidden-desktop elementor-hidden-tablet elementor-hidden-mobile elementor-section-boxed elementor-section-height-default elementor-section-items-middle exad-parallax-effect-no exad-background-color-change-no exad-glass-effect-no exad-sticky-section-no\" data-id=\"bc7265b\" data-element_type=\"section\" data-e-type=\"section\" data-settings=\"{&quot;background_background&quot;:&quot;video&quot;,&quot;background_video_link&quot;:&quot;https:\\\/\\\/www.pfp.lu\\\/wp-content\\\/uploads\\\/2024\\\/10\\\/Video-Osez-le-coupe-feu-transparant-2.mov&quot;}\">\n\t\t\t\t\t\t\t\t<div class=\"elementor-background-video-container elementor-hidden-mobile\">\n\t\t\t\t\t\t\t\t\t\t\t\t\t<video class=\"elementor-background-video-hosted\" role=\"presentation\" autoplay muted playsinline loop><\/video>\n\t\t\t\t\t\t\t\t\t\t\t<\/div>\n\t\t\t\t\t\t\t\t\t<div class=\"elementor-background-overlay\"><\/div>\n\t\t\t\t\t\t\t<div class=\"elementor-container elementor-column-gap-default\">\n\t\t\t\t\t<div class=\"elementor-column elementor-col-100 elementor-top-column elementor-element elementor-element-c29f1d0 exad-glass-effect-no exad-sticky-section-no\" data-id=\"c29f1d0\" data-element_type=\"column\" data-e-type=\"column\">\n\t\t\t<div class=\"elementor-widget-wrap elementor-element-populated\">\n\t\t\t\t\t\t<section data-particle_enable=\"false\" data-particle-mobile-disabled=\"false\" data-exad-particle-enable=\"false\" class=\"elementor-section elementor-inner-section elementor-element elementor-element-3780fa9 elementor-section-height-min-height elementor-section-content-middle elementor-hidden-desktop elementor-hidden-tablet elementor-hidden-mobile elementor-section-boxed elementor-section-height-default exad-parallax-effect-no exad-background-color-change-no exad-glass-effect-no exad-sticky-section-no\" data-id=\"3780fa9\" data-element_type=\"section\" data-e-type=\"section\">\n\t\t\t\t\t\t<div class=\"elementor-container elementor-column-gap-no\">\n\t\t\t\t\t<div class=\"elementor-column elementor-col-100 elementor-inner-column elementor-element elementor-element-1a046bd exad-glass-effect-no exad-sticky-section-no\" data-id=\"1a046bd\" data-element_type=\"column\" data-e-type=\"column\">\n\t\t\t<div class=\"elementor-widget-wrap elementor-element-populated\">\n\t\t\t\t\t\t<div class=\"elementor-element elementor-element-8794e35 exad-sticky-section-no exad-glass-effect-no elementor-widget elementor-widget-hub_fancy_heading\" data-id=\"8794e35\" data-element_type=\"widget\" data-e-type=\"widget\" data-widget_type=\"hub_fancy_heading.default\">\n\t\t\t\t<div class=\"elementor-widget-container\">\n\t\t\t\t\t\n\t\t<div id=\"ld-fancy-heading-69f1b5bcebda1\" class=\"ld-fancy-heading pos-rel\">\n\t\t\t<h1 class=\"ld-fh-element d-inline-block pos-rel  elementor-heading-title lqd-highlight-classic lqd-highlight-grow-left h1\"  > Coming Soon<\/h1>\t\t<\/div>\n\n\t\t\t\t\t\t<\/div>\n\t\t\t\t<\/div>\n\t\t\t\t<div class=\"elementor-element elementor-element-e1e490f exad-sticky-section-no exad-glass-effect-no elementor-widget elementor-widget-hub_fancy_heading\" data-id=\"e1e490f\" data-element_type=\"widget\" data-e-type=\"widget\" data-widget_type=\"hub_fancy_heading.default\">\n\t\t\t\t<div class=\"elementor-widget-container\">\n\t\t\t\t\t\n\t\t<div id=\"ld-fancy-heading-69f1b5bcecf5e\" class=\"ld-fancy-heading pos-rel\">\n\t\t\t<p class=\"ld-fh-element d-inline-block pos-rel  lqd-highlight-classic lqd-highlight-grow-left p\"  > Be patient, our achievements section <b>is coming soon<\/b>, so stay tuned!  <\/p>\t\t<\/div>\n\n\t\t\t\t\t\t<\/div>\n\t\t\t\t<\/div>\n\t\t\t\t<div class=\"elementor-element elementor-element-8e2f0bd exad-sticky-section-no exad-glass-effect-no elementor-widget elementor-widget-ld_button\" data-id=\"8e2f0bd\" data-element_type=\"widget\" data-e-type=\"widget\" data-widget_type=\"ld_button.default\">\n\t\t\t\t<div class=\"elementor-widget-container\">\n\t\t\t\t\t\n\t\t\t<a\n\t\t\t\thref=\"https:\/\/www.pfp.lu\/nos-expertises-consultances\/solutions-coupe-feu\/\"class=\"elementor-button btn btn-solid btn-icon-right btn-hover-swp btn-has-label\"\t\t\t>\n\t\t\t\t\t\t\t\t\t<span data-text=\"Discover our firestop solutions\" class=\"btn-txt\">\n\t\t\t\t\t\tDiscover our firestop solutions\t\t\t\t\t<\/span>\n\t\t\t\t\t\t\t\t\t\t\t\t\t\t<span class=\"btn-icon\">\n\t\t\t\t\t\t\t<i aria-hidden=\"true\" class=\"lqd-icn-ess icon-md-arrow-forward\"><\/i>\t\t\t\t\t\t<\/span>\n\t\t\t\t\t\t\t\t\t\t\t\t<span class=\"btn-icon\">\n\t\t\t\t\t\t\t<i aria-hidden=\"true\" class=\"lqd-icn-ess icon-md-arrow-forward\"><\/i>\t\t\t\t\t\t<\/span>\n\t\t\t\t\t\t\t\t\t<\/a>\n\t\t\t\t\t\t\t<\/div>\n\t\t\t\t<\/div>\n\t\t\t\t\t<\/div>\n\t\t<\/div>\n\t\t\t\t\t<\/div>\n\t\t<\/section>\n\t\t\t\t<section data-particle_enable=\"false\" data-particle-mobile-disabled=\"false\" data-exad-particle-enable=\"false\" class=\"elementor-section elementor-inner-section elementor-element elementor-element-971f6bf elementor-section-boxed elementor-section-height-default elementor-section-height-default exad-parallax-effect-no exad-background-color-change-no exad-glass-effect-no exad-sticky-section-no\" data-id=\"971f6bf\" data-element_type=\"section\" data-e-type=\"section\">\n\t\t\t\t\t\t<div class=\"elementor-container elementor-column-gap-default\">\n\t\t\t\t\t<div class=\"elementor-column elementor-col-100 elementor-inner-column elementor-element elementor-element-454eeab exad-glass-effect-no exad-sticky-section-no\" data-id=\"454eeab\" data-element_type=\"column\" data-e-type=\"column\">\n\t\t\t<div class=\"elementor-widget-wrap elementor-element-populated\">\n\t\t\t\t\t\t<div class=\"elementor-element elementor-element-c21b682 exad-sticky-section-no exad-glass-effect-no elementor-widget elementor-widget-ld_button\" data-id=\"c21b682\" data-element_type=\"widget\" data-e-type=\"widget\" data-widget_type=\"ld_button.default\">\n\t\t\t\t<div class=\"elementor-widget-container\">\n\t\t\t\t\t\n\t\t\t<a\n\t\t\t\tclass=\"elementor-button btn btn-naked btn-icon-block btn-has-label\" data-localscroll=\"1\" data-localscroll-options=\"{&quot;scrollBelowSection&quot;:true}\" href=\"#\"\t\t\t>\n\t\t\t\t\t\t\t\t\t<span data-text=\"Scroll\" class=\"btn-txt\">\n\t\t\t\t\t\tScroll\t\t\t\t\t<\/span>\n\t\t\t\t\t\t\t\t\t\t\t\t\t\t<span class=\"btn-icon\">\n\t\t\t\t\t\t\t<i aria-hidden=\"true\" class=\"lqd-icn-ess icon-ion-ios-arrow-down\"><\/i>\t\t\t\t\t\t<\/span>\n\t\t\t\t\t\t\t\t\t<\/a>\n\t\t\t\t\t\t\t<\/div>\n\t\t\t\t<\/div>\n\t\t\t\t\t<\/div>\n\t\t<\/div>\n\t\t\t\t\t<\/div>\n\t\t<\/section>\n\t\t\t\t\t<\/div>\n\t\t<\/div>\n\t\t\t\t\t<\/div>\n\t\t<\/section>\n\t\t\t\t<section data-particle_enable=\"false\" data-particle-mobile-disabled=\"false\" data-exad-particle-enable=\"false\" class=\"elementor-section elementor-top-section elementor-element elementor-element-0a4c0f2 elementor-section-height-min-height elementor-section-content-middle elementor-section-boxed elementor-section-height-default elementor-section-items-middle exad-parallax-effect-no exad-background-color-change-no exad-glass-effect-no exad-sticky-section-no\" data-id=\"0a4c0f2\" data-element_type=\"section\" data-e-type=\"section\" data-settings=\"{&quot;background_background&quot;:&quot;video&quot;,&quot;background_video_link&quot;:&quot;https:\\\/\\\/www.pfp.lu\\\/wp-content\\\/uploads\\\/2024\\\/10\\\/Porte-coupe-feu.mov&quot;,&quot;background_play_on_mobile&quot;:&quot;yes&quot;}\">\n\t\t\t\t\t\t\t\t<div class=\"elementor-background-video-container\">\n\t\t\t\t\t\t\t\t\t\t\t\t\t<video class=\"elementor-background-video-hosted\" role=\"presentation\" autoplay muted playsinline loop><\/video>\n\t\t\t\t\t\t\t\t\t\t\t<\/div>\n\t\t\t\t\t\t\t\t\t<div class=\"elementor-background-overlay\"><\/div>\n\t\t\t\t\t\t\t<div class=\"elementor-container elementor-column-gap-default\">\n\t\t\t\t\t<div data-custom-animations=\"true\" data-ca-options=\"{&quot;addChildTimelines&quot;:false,&quot;trigger&quot;:&quot;firstChild&quot;,&quot;animationTarget&quot;:&quot;:scope &gt; .elementor-widget-wrap &gt; .elementor-element &gt; .elementor-widget-container, :scope &gt; .elementor-widget-wrap &gt; .elementor-section &gt; .elementor-container &gt; .elementor-column &gt; .elementor-widget-wrap &gt; .elementor-element:not(.lqd-el-has-inner-anim) &gt; .elementor-widget-container, :scope &gt; .elementor-widget-wrap &gt; .elementor-widget-hub_fancy_heading .lqd-split-lines .lqd-lines .split-inner, :scope &gt; .elementor-widget-wrap &gt; .elementor-widget-hub_fancy_heading .lqd-split-words .lqd-words .split-inner, :scope &gt; .elementor-widget-wrap &gt; .elementor-widget-hub_fancy_heading .lqd-split-chars .lqd-chars .split-inner, :scope &gt; .elementor-widget-wrap &gt; .elementor-widget-ld_custom_menu .lqd-fancy-menu &gt; ul &gt; li&quot;,&quot;duration&quot;:1800,&quot;delay&quot;:180,&quot;ease&quot;:[&quot;power4.out&quot;],&quot;initValues&quot;:{&quot;y&quot;:&quot;45px&quot;,&quot;opacity&quot;:0,&quot;transformOrigin&quot;:&quot;50% 50% 0px&quot;},&quot;animations&quot;:{&quot;y&quot;:&quot;0px&quot;,&quot;opacity&quot;:1,&quot;transformOrigin&quot;:&quot;50% 50% 0px&quot;}}\" class=\"elementor-column elementor-col-100 elementor-top-column elementor-element elementor-element-3638786 exad-glass-effect-no exad-sticky-section-no\" data-id=\"3638786\" data-element_type=\"column\" data-e-type=\"column\">\n\t\t\t<div class=\"elementor-widget-wrap elementor-element-populated\">\n\t\t\t\t\t\t<div class=\"elementor-element elementor-element-e8e917a exad-sticky-section-no exad-glass-effect-no elementor-widget elementor-widget-hub_fancy_heading lqd-el-has-inner-anim\" data-id=\"e8e917a\" data-element_type=\"widget\" data-e-type=\"widget\" data-settings=\"{&quot;enable_split&quot;:&quot;true&quot;,&quot;split_type&quot;:&quot;lines&quot;}\" data-widget_type=\"hub_fancy_heading.default\">\n\t\t\t\t<div class=\"elementor-widget-container\">\n\t\t\t\t\t\n\t\t<div id=\"ld-fancy-heading-69f1b5bd01810\" class=\"ld-fancy-heading pos-rel\">\n\t\t\t<h2 class=\"ld-fh-element d-inline-block pos-rel  elementor-heading-title lqd-highlight-classic lqd-highlight-grow-left lqd-split-lines h2\"  data-split-text=\"true\" data-split-options='{\"type\":\"lines\"}'> <span style=\"color:#EB1C2C\">Accidents<\/span> happen.\n<\/h2>\t\t<\/div>\n\n\t\t\t\t\t\t<\/div>\n\t\t\t\t<\/div>\n\t\t\t\t<div class=\"elementor-element elementor-element-ceea722 exad-sticky-section-no exad-glass-effect-no elementor-widget elementor-widget-hub_fancy_heading lqd-el-has-inner-anim\" data-id=\"ceea722\" data-element_type=\"widget\" data-e-type=\"widget\" data-settings=\"{&quot;enable_split&quot;:&quot;true&quot;,&quot;split_type&quot;:&quot;lines&quot;}\" data-widget_type=\"hub_fancy_heading.default\">\n\t\t\t\t<div class=\"elementor-widget-container\">\n\t\t\t\t\t\n\t\t<div id=\"ld-fancy-heading-69f1b5bd02b46\" class=\"ld-fancy-heading pos-rel\">\n\t\t\t<p class=\"ld-fh-element d-inline-block pos-rel  lqd-highlight-classic lqd-highlight-grow-left lqd-split-lines p\"  data-split-text=\"true\" data-split-options='{\"type\":\"lines\"}'> We help you protect your home and your loved ones with the most advanced fire protection technologies.<\/p>\t\t<\/div>\n\n\t\t\t\t\t\t<\/div>\n\t\t\t\t<\/div>\n\t\t<div data-particle_enable=\"false\" data-particle-mobile-disabled=\"false\" class=\"elementor-element elementor-element-07f95a4 e-grid e-con-boxed e-con e-parent\" data-id=\"07f95a4\" data-element_type=\"container\" data-e-type=\"container\">\n\t\t\t\t\t<div class=\"e-con-inner\">\n\t\t<div data-particle_enable=\"false\" data-particle-mobile-disabled=\"false\" class=\"elementor-element elementor-element-4652c31 e-con-full e-flex e-con e-child\" data-id=\"4652c31\" data-element_type=\"container\" data-e-type=\"container\">\n\t\t\t\t<div class=\"elementor-element elementor-element-1dcb64b exad-sticky-section-no exad-glass-effect-no elementor-widget elementor-widget-ld_button\" data-id=\"1dcb64b\" data-element_type=\"widget\" data-e-type=\"widget\" data-widget_type=\"ld_button.default\">\n\t\t\t\t<div class=\"elementor-widget-container\">\n\t\t\t\t\t\n\t\t\t<a\n\t\t\t\thref=\"https:\/\/www.pfp.lu\/nos-expertises-consultances\/solutions-coupe-feu\/\"class=\"elementor-button btn btn-solid btn-icon-right btn-hover-swp btn-has-label\"\t\t\t>\n\t\t\t\t\t\t\t\t\t<span data-text=\"Our expertise in FIREWORKS\" class=\"btn-txt\">\n\t\t\t\t\t\tOur expertise in FIREWORKS\t\t\t\t\t<\/span>\n\t\t\t\t\t\t\t\t\t\t\t\t\t\t<span class=\"btn-icon\">\n\t\t\t\t\t\t\t<i aria-hidden=\"true\" class=\"lqd-icn-ess icon-md-arrow-forward\"><\/i>\t\t\t\t\t\t<\/span>\n\t\t\t\t\t\t\t\t\t\t\t\t<span class=\"btn-icon\">\n\t\t\t\t\t\t\t<i aria-hidden=\"true\" class=\"lqd-icn-ess icon-md-arrow-forward\"><\/i>\t\t\t\t\t\t<\/span>\n\t\t\t\t\t\t\t\t\t<\/a>\n\t\t\t\t\t\t\t<\/div>\n\t\t\t\t<\/div>\n\t\t\t\t<\/div>\n\t\t<div data-particle_enable=\"false\" data-particle-mobile-disabled=\"false\" class=\"elementor-element elementor-element-f215ef5 e-con-full e-flex e-con e-child\" data-id=\"f215ef5\" data-element_type=\"container\" data-e-type=\"container\">\n\t\t\t\t<div class=\"elementor-element elementor-element-0d3537c elementor-align-center exad-sticky-section-no exad-glass-effect-no elementor-widget elementor-widget-ld_button\" data-id=\"0d3537c\" data-element_type=\"widget\" data-e-type=\"widget\" data-widget_type=\"ld_button.default\">\n\t\t\t\t<div class=\"elementor-widget-container\">\n\t\t\t\t\t\n\t\t\t<a\n\t\t\t\tclass=\"elementor-button btn btn-solid btn-hover-txt-switch-change btn-hover-txt-switch btn-hover-txt-switch-y btn-icon-shaped btn-has-label\" data-lqd-lity=\"#modal-10524\" href=\"#modal-10524\"\t\t\t>\n\t\t\t\t\t\t\t\t\t<span data-text=\"C&#039;est gratuit ! \" class=\"btn-txt\" data-transition-delay=\"true\" data-delay-options=\"{&quot;elements&quot;: &quot;.lqd-chars&quot;, &quot;delayType&quot;: &quot;animation&quot;, &quot;startDelay&quot;: 0, &quot;delayBetween&quot;: 32.5}\" data-split-text=\"true\" data-split-options=\"{&quot;type&quot;: &quot;chars, words&quot;}\">\n\t\t\t\t\t\tA quote?  \t\t\t\t\t<\/span>\n\t\t\t\t\t\t\t\t\t\t\t<\/a>\n\t\t\t\t\t\t\t<\/div>\n\t\t\t\t<\/div>\n\t\t\t\t<\/div>\n\t\t\t\t\t<\/div>\n\t\t\t\t<\/div>\n\t\t\t\t\t<\/div>\n\t\t<\/div>\n\t\t\t\t\t<\/div>\n\t\t<\/section>\n\t\t\t\t<\/div>\n\t\t","protected":false},"excerpt":{"rendered":"<p>Our achievements Filter by All D\u00e9tection Feu Ensemble Coupe-Feu Ensemble Vitr\u00e9 Coupe-Feu Porte Coulissante Coupe-Feu Porte Coupe-Feu Rideaux Coupe-Feu AllD\u00e9tection FeuEnsemble Coupe-FeuEnsemble Vitr\u00e9 Coupe-FeuPorte Coulissante Coupe-FeuPorte Coupe-FeuRideaux Coupe-Feu See more Ensemble Vitr\u00e9 Coupe-Feu dans un immeuble administratif Ensemble Vitr\u00e9 Coupe-Feu Portes et Ensemble Coupe-Feu dans une piscine Ensemble Coupe-Feu Portes Coupe-Feu dans un immeuble Porte [&hellip;]<\/p>\n","protected":false},"author":1,"featured_media":0,"parent":0,"menu_order":0,"comment_status":"closed","ping_status":"closed","template":"","meta":{"_seopress_robots_primary_cat":"","_seopress_titles_title":"","_seopress_titles_desc":"","_seopress_robots_index":"","footnotes":""},"class_list":["post-13812","page","type-page","status-publish","hentry"],"_links":{"self":[{"href":"https:\/\/www.pfp.lu\/en\/wp-json\/wp\/v2\/pages\/13812","targetHints":{"allow":["GET"]}}],"collection":[{"href":"https:\/\/www.pfp.lu\/en\/wp-json\/wp\/v2\/pages"}],"about":[{"href":"https:\/\/www.pfp.lu\/en\/wp-json\/wp\/v2\/types\/page"}],"author":[{"embeddable":true,"href":"https:\/\/www.pfp.lu\/en\/wp-json\/wp\/v2\/users\/1"}],"replies":[{"embeddable":true,"href":"https:\/\/www.pfp.lu\/en\/wp-json\/wp\/v2\/comments?post=13812"}],"version-history":[{"count":5,"href":"https:\/\/www.pfp.lu\/en\/wp-json\/wp\/v2\/pages\/13812\/revisions"}],"predecessor-version":[{"id":14815,"href":"https:\/\/www.pfp.lu\/en\/wp-json\/wp\/v2\/pages\/13812\/revisions\/14815"}],"wp:attachment":[{"href":"https:\/\/www.pfp.lu\/en\/wp-json\/wp\/v2\/media?parent=13812"}],"curies":[{"name":"wp","href":"https:\/\/api.w.org\/{rel}","templated":true}]}}